{"id":93,"date":"2016-04-07T16:32:44","date_gmt":"2016-04-07T19:32:44","guid":{"rendered":"http:\/\/manse.com.br\/WordPress\/?page_id=93"},"modified":"2025-09-02T10:03:43","modified_gmt":"2025-09-02T13:03:43","slug":"contatos","status":"publish","type":"page","link":"https:\/\/manse.com.br\/wordpress\/contatos\/","title":{"rendered":"Nossos Telefones"},"content":{"rendered":"<div><strong style=\"margin: 1px;\">Hor\u00e1rio de atendimento<\/strong><\/p>\n<p style=\"margin: 1px;\">de segunda a sexta: das 8:00 \u00e0s 17:00<\/p>\n<p style=\"margin: 1px;\">s\u00e1bado: das 8:00 \u00e0s 12:00<\/p>\n<p><strong>Suporte T\u00e9cnico &#8211; ATTAsoft<\/strong><\/p>\n<ul>\n<li>2089-0375<\/li>\n<li>99715-0253, 95655-8043, 93486-8887, 95085-1328 (WhatsApp)<\/li>\n<li>93423-2881 (Financeiro)<\/li>\n<li>Email: suporte@attasoft.com.br<\/li>\n<\/ul>\n<p>Aos S\u00c1BADOS (8:00 &#8211; 12:00) iremos atender nos telefones:<\/p>\n<ul>\n<li>97242-6718 (WhatsApp)<\/li>\n<\/ul>\n<\/div>\n<p><strong>Comercial<\/strong><\/p>\n<ul>\n<li>99741-3911 [Hyun]<\/li>\n<li>99684-5046 [Wagner]<\/li>\n<\/ul>\n<p><strong>Desenvolvimento &#8211; Urigatty<\/strong><\/p>\n<ul>\n<li>3221-3615<\/li>\n<li>3224-0224<\/li>\n<\/ul>\n<p style=\"margin: 20px 0 0 0; text-align: center;\"><a href=\"https:\/\/manse.com.br\/wordpress\/\"><strong>voltar<\/strong><\/a><\/p>\n","protected":false},"excerpt":{"rendered":"<p>Hor\u00e1rio de atendimento de segunda a sexta: das 8:00 \u00e0s 17:00 s\u00e1bado: das 8:00 \u00e0s 12:00 Suporte T\u00e9cnico &#8211; ATTAsoft 2089-0375 99715-0253, 95655-8043, 93486-8887, 95085-1328 (WhatsApp) 93423-2881 (Financeiro) Email: suporte@attasoft.com.br Aos S\u00c1BADOS (8:00 &#8211; 12:00) iremos atender nos telefones: 97242-6718 (WhatsApp) Comercial 99741-3911 [Hyun] 99684-5046 [Wagner] Desenvolvimento &#8211; Urigatty 3221-3615 3224-0224 voltar<\/p>\n","protected":false},"author":1,"featured_media":0,"parent":0,"menu_order":1,"comment_status":"closed","ping_status":"closed","template":"","meta":{"footnotes":""},"class_list":["post-93","page","type-page","status-publish","hentry"],"_links":{"self":[{"href":"https:\/\/manse.com.br\/wordpress\/wp-json\/wp\/v2\/pages\/93","targetHints":{"allow":["GET"]}}],"collection":[{"href":"https:\/\/manse.com.br\/wordpress\/wp-json\/wp\/v2\/pages"}],"about":[{"href":"https:\/\/manse.com.br\/wordpress\/wp-json\/wp\/v2\/types\/page"}],"author":[{"embeddable":true,"href":"https:\/\/manse.com.br\/wordpress\/wp-json\/wp\/v2\/users\/1"}],"replies":[{"embeddable":true,"href":"https:\/\/manse.com.br\/wordpress\/wp-json\/wp\/v2\/comments?post=93"}],"version-history":[{"count":9,"href":"https:\/\/manse.com.br\/wordpress\/wp-json\/wp\/v2\/pages\/93\/revisions"}],"predecessor-version":[{"id":789,"href":"https:\/\/manse.com.br\/wordpress\/wp-json\/wp\/v2\/pages\/93\/revisions\/789"}],"wp:attachment":[{"href":"https:\/\/manse.com.br\/wordpress\/wp-json\/wp\/v2\/media?parent=93"}],"curies":[{"name":"wp","href":"https:\/\/api.w.org\/{rel}","templated":true}]}}